{"id":22,"date":"2023-02-23T00:28:01","date_gmt":"2023-02-23T03:28:01","guid":{"rendered":"https:\/\/congressomineiro.com.br\/?page_id=22"},"modified":"2026-02-10T10:46:53","modified_gmt":"2026-02-10T13:46:53","slug":"trabalhos","status":"publish","type":"page","link":"https:\/\/cbfos.org\/2024\/trabalhos\/","title":{"rendered":"Trabalhos"},"content":{"rendered":"\t\t<div data-elementor-type=\"wp-page\" data-elementor-id=\"22\" class=\"elementor elementor-22\" data-elementor-post-type=\"page\">\n\t\t\t\t\t\t<section class=\"elementor-section elementor-top-section elementor-element elementor-element-4696dc32 elementor-section-height-min-height elementor-section-boxed elementor-section-height-default elementor-section-items-middle\" data-id=\"4696dc32\" data-element_type=\"section\" data-e-type=\"section\" data-settings=\"{&quot;background_background&quot;:&quot;classic&quot;}\">\n\t\t\t\t\t\t\t<div class=\"elementor-background-overlay\"><\/div>\n\t\t\t\t\t\t\t<div class=\"elementor-container elementor-column-gap-default\">\n\t\t\t\t\t<div class=\"elementor-column elementor-col-100 elementor-top-column elementor-element elementor-element-7f930744\" data-id=\"7f930744\" data-element_type=\"column\" data-e-type=\"column\">\n\t\t\t<div class=\"elementor-widget-wrap elementor-element-populated\">\n\t\t\t\t\t\t\t<\/div>\n\t\t<\/div>\n\t\t\t\t\t<\/div>\n\t\t<\/section>\n\t\t\t\t<section class=\"elementor-section elementor-top-section elementor-element elementor-element-18be1fa5 elementor-section-boxed elementor-section-height-default elementor-section-height-default\" data-id=\"18be1fa5\" data-element_type=\"section\" data-e-type=\"section\">\n\t\t\t\t\t\t<div class=\"elementor-container elementor-column-gap-default\">\n\t\t\t\t\t<div class=\"elementor-column elementor-col-25 elementor-top-column elementor-element elementor-element-331e036c\" data-id=\"331e036c\" data-element_type=\"column\" data-e-type=\"column\">\n\t\t\t<div class=\"elementor-widget-wrap elementor-element-populated\">\n\t\t\t\t\t\t<div class=\"elementor-element elementor-element-4cb02f89 elementor-widget elementor-widget-heading\" data-id=\"4cb02f89\" data-element_type=\"widget\" data-e-type=\"widget\" data-widget_type=\"heading.default\">\n\t\t\t\t<div class=\"elementor-widget-container\">\n\t\t\t\t\t<h2 class=\"elementor-heading-title elementor-size-default\">26\/01<\/h2>\t\t\t\t<\/div>\n\t\t\t\t<\/div>\n\t\t\t\t<div class=\"elementor-element elementor-element-33edf41a elementor-widget elementor-widget-heading\" data-id=\"33edf41a\" data-element_type=\"widget\" data-e-type=\"widget\" data-widget_type=\"heading.default\">\n\t\t\t\t<div class=\"elementor-widget-container\">\n\t\t\t\t\t<h2 class=\"elementor-heading-title elementor-size-default\">Limite submiss\u00e3o<\/h2>\t\t\t\t<\/div>\n\t\t\t\t<\/div>\n\t\t\t\t\t<\/div>\n\t\t<\/div>\n\t\t\t\t<div class=\"elementor-column elementor-col-25 elementor-top-column elementor-element elementor-element-9b151af\" data-id=\"9b151af\" data-element_type=\"column\" data-e-type=\"column\">\n\t\t\t<div class=\"elementor-widget-wrap elementor-element-populated\">\n\t\t\t\t\t\t<div class=\"elementor-element elementor-element-8f5b8cc elementor-widget elementor-widget-heading\" data-id=\"8f5b8cc\" data-element_type=\"widget\" data-e-type=\"widget\" data-widget_type=\"heading.default\">\n\t\t\t\t<div class=\"elementor-widget-container\">\n\t\t\t\t\t<h2 class=\"elementor-heading-title elementor-size-default\">02<\/h2>\t\t\t\t<\/div>\n\t\t\t\t<\/div>\n\t\t\t\t<div class=\"elementor-element elementor-element-6d172c3b elementor-widget elementor-widget-heading\" data-id=\"6d172c3b\" data-element_type=\"widget\" data-e-type=\"widget\" data-widget_type=\"heading.default\">\n\t\t\t\t<div class=\"elementor-widget-container\">\n\t\t\t\t\t<h2 class=\"elementor-heading-title elementor-size-default\">Trabalhos por autor<\/h2>\t\t\t\t<\/div>\n\t\t\t\t<\/div>\n\t\t\t\t\t<\/div>\n\t\t<\/div>\n\t\t\t\t<div class=\"elementor-column elementor-col-25 elementor-top-column elementor-element elementor-element-50507d96\" data-id=\"50507d96\" data-element_type=\"column\" data-e-type=\"column\">\n\t\t\t<div class=\"elementor-widget-wrap elementor-element-populated\">\n\t\t\t\t\t\t<div class=\"elementor-element elementor-element-2aef8296 elementor-widget elementor-widget-heading\" data-id=\"2aef8296\" data-element_type=\"widget\" data-e-type=\"widget\" data-widget_type=\"heading.default\">\n\t\t\t\t<div class=\"elementor-widget-container\">\n\t\t\t\t\t<h2 class=\"elementor-heading-title elementor-size-default\">10<\/h2>\t\t\t\t<\/div>\n\t\t\t\t<\/div>\n\t\t\t\t<div class=\"elementor-element elementor-element-4205219c elementor-widget elementor-widget-heading\" data-id=\"4205219c\" data-element_type=\"widget\" data-e-type=\"widget\" data-widget_type=\"heading.default\">\n\t\t\t\t<div class=\"elementor-widget-container\">\n\t\t\t\t\t<h2 class=\"elementor-heading-title elementor-size-default\">Autores por trabalho<\/h2>\t\t\t\t<\/div>\n\t\t\t\t<\/div>\n\t\t\t\t\t<\/div>\n\t\t<\/div>\n\t\t\t\t<div class=\"elementor-column elementor-col-25 elementor-top-column elementor-element elementor-element-130034b2\" data-id=\"130034b2\" data-element_type=\"column\" data-e-type=\"column\">\n\t\t\t<div class=\"elementor-widget-wrap elementor-element-populated\">\n\t\t\t\t\t\t<div class=\"elementor-element elementor-element-4121cc86 elementor-widget elementor-widget-heading\" data-id=\"4121cc86\" data-element_type=\"widget\" data-e-type=\"widget\" data-widget_type=\"heading.default\">\n\t\t\t\t<div class=\"elementor-widget-container\">\n\t\t\t\t\t<h2 class=\"elementor-heading-title elementor-size-default\">01\/02<\/h2>\t\t\t\t<\/div>\n\t\t\t\t<\/div>\n\t\t\t\t<div class=\"elementor-element elementor-element-60b798c6 elementor-widget elementor-widget-heading\" data-id=\"60b798c6\" data-element_type=\"widget\" data-e-type=\"widget\" data-widget_type=\"heading.default\">\n\t\t\t\t<div class=\"elementor-widget-container\">\n\t\t\t\t\t<h2 class=\"elementor-heading-title elementor-size-default\">Publica\u00e7\u00e3o do Resultado<\/h2>\t\t\t\t<\/div>\n\t\t\t\t<\/div>\n\t\t\t\t\t<\/div>\n\t\t<\/div>\n\t\t\t\t\t<\/div>\n\t\t<\/section>\n\t\t\t\t<section class=\"elementor-section elementor-top-section elementor-element elementor-element-6d4f16e0 elementor-section-boxed elementor-section-height-default elementor-section-height-default\" data-id=\"6d4f16e0\" data-element_type=\"section\" data-e-type=\"section\">\n\t\t\t\t\t\t<div class=\"elementor-container elementor-column-gap-default\">\n\t\t\t\t\t<div class=\"elementor-column elementor-col-100 elementor-top-column elementor-element elementor-element-1cf3cbb8\" data-id=\"1cf3cbb8\" data-element_type=\"column\" data-e-type=\"column\">\n\t\t\t<div class=\"elementor-widget-wrap elementor-element-populated\">\n\t\t\t\t\t\t<div class=\"elementor-element elementor-element-1b4f0dd0 elementor-widget elementor-widget-accordion\" data-id=\"1b4f0dd0\" data-element_type=\"widget\" data-e-type=\"widget\" data-widget_type=\"accordion.default\">\n\t\t\t\t<div class=\"elementor-widget-container\">\n\t\t\t\t\t\t\t<div class=\"elementor-accordion\">\n\t\t\t\t\t\t\t<div class=\"elementor-accordion-item\">\n\t\t\t\t\t<div id=\"elementor-tab-title-4581\" class=\"elementor-tab-title\" data-tab=\"1\" role=\"button\" aria-controls=\"elementor-tab-content-4581\" aria-expanded=\"false\">\n\t\t\t\t\t\t\t\t\t\t\t\t\t<span class=\"elementor-accordion-icon elementor-accordion-icon-left\" aria-hidden=\"true\">\n\t\t\t\t\t\t\t\t\t\t\t\t\t\t\t<span class=\"elementor-accordion-icon-closed\"><i class=\"fas fa-plus\"><\/i><\/span>\n\t\t\t\t\t\t\t\t<span class=\"elementor-accordion-icon-opened\"><i class=\"fas fa-minus\"><\/i><\/span>\n\t\t\t\t\t\t\t\t\t\t\t\t\t\t<\/span>\n\t\t\t\t\t\t\t\t\t\t\t\t<a class=\"elementor-accordion-title\" tabindex=\"0\">Publica\u00e7\u00f5es<\/a>\n\t\t\t\t\t<\/div>\n\t\t\t\t\t<div id=\"elementor-tab-content-4581\" class=\"elementor-tab-content elementor-clearfix\" data-tab=\"1\" role=\"region\" aria-labelledby=\"elementor-tab-title-4581\"><p>Template de Trabalhos <a href=\"https:\/\/cbfos.org\/2024\/wp-content\/uploads\/2023\/10\/Template-trabalhos_corrigido.docx\" target=\"_blank\" rel=\"noopener\">Download<\/a><\/p><p>Template E-p\u00f4ster <a href=\"https:\/\/cbfos.org\/2024\/wp-content\/uploads\/2024\/02\/CBFos_template-apresentacoes-v3.pptx\" target=\"_blank\" rel=\"noopener\"><em>Download<\/em><\/a><\/p><p><strong>Publica\u00e7\u00e3o de Anais do I CBFos <a href=\"https:\/\/cbfos.org\/anais\/\">Clique aqui<\/a><\/strong><\/p><hr \/><p>Os trabalhos que ser\u00e3o apresentados como banner dever\u00e3o ser impressos pelo autor no tamanho 0.90 de largura x 1,20 de altura.<\/p><\/div>\n\t\t\t\t<\/div>\n\t\t\t\t\t\t\t\t<\/div>\n\t\t\t\t\t\t<\/div>\n\t\t\t\t<\/div>\n\t\t\t\t\t<\/div>\n\t\t<\/div>\n\t\t\t\t\t<\/div>\n\t\t<\/section>\n\t\t\t\t<section class=\"elementor-section elementor-top-section elementor-element elementor-element-5e938868 elementor-hidden-desktop elementor-hidden-tablet elementor-hidden-mobile elementor-section-boxed elementor-section-height-default elementor-section-height-default\" data-id=\"5e938868\" data-element_type=\"section\" data-e-type=\"section\">\n\t\t\t\t\t\t<div class=\"elementor-container elementor-column-gap-default\">\n\t\t\t\t\t<div class=\"elementor-column elementor-col-33 elementor-top-column elementor-element elementor-element-1fe79f49\" data-id=\"1fe79f49\" data-element_type=\"column\" data-e-type=\"column\">\n\t\t\t<div class=\"elementor-widget-wrap\">\n\t\t\t\t\t\t\t<\/div>\n\t\t<\/div>\n\t\t\t\t<div class=\"elementor-column elementor-col-33 elementor-top-column elementor-element elementor-element-22227fcf\" data-id=\"22227fcf\" data-element_type=\"column\" data-e-type=\"column\">\n\t\t\t<div class=\"elementor-widget-wrap\">\n\t\t\t\t\t\t\t<\/div>\n\t\t<\/div>\n\t\t\t\t<div class=\"elementor-column elementor-col-33 elementor-top-column elementor-element elementor-element-3bbbcfb0\" data-id=\"3bbbcfb0\" data-element_type=\"column\" data-e-type=\"column\">\n\t\t\t<div class=\"elementor-widget-wrap elementor-element-populated\">\n\t\t\t\t\t\t<div class=\"elementor-element elementor-element-edbe1a7 elementor-align-justify elementor-widget elementor-widget-button\" data-id=\"edbe1a7\" data-element_type=\"widget\" data-e-type=\"widget\" data-widget_type=\"button.default\">\n\t\t\t\t<div class=\"elementor-widget-container\">\n\t\t\t\t\t\t\t\t\t<div class=\"elementor-button-wrapper\">\n\t\t\t\t\t<a class=\"elementor-button elementor-button-link elementor-size-md\" href=\"https:\/\/cbfos.org\/2024\/login\/\">\n\t\t\t\t\t\t<span class=\"elementor-button-content-wrapper\">\n\t\t\t\t\t\t<span class=\"elementor-button-icon\">\n\t\t\t\t<i aria-hidden=\"true\" class=\"far fa-clipboard\"><\/i>\t\t\t<\/span>\n\t\t\t\t\t\t\t\t\t<span class=\"elementor-button-text\">Enviar Trabalho<\/span>\n\t\t\t\t\t<\/span>\n\t\t\t\t\t<\/a>\n\t\t\t\t<\/div>\n\t\t\t\t\t\t\t\t<\/div>\n\t\t\t\t<\/div>\n\t\t\t\t\t<\/div>\n\t\t<\/div>\n\t\t\t\t\t<\/div>\n\t\t<\/section>\n\t\t\t\t<section class=\"elementor-section elementor-top-section elementor-element elementor-element-2e5f1773 elementor-section-content-middle elementor-section-boxed elementor-section-height-default elementor-section-height-default\" data-id=\"2e5f1773\" data-element_type=\"section\" data-e-type=\"section\">\n\t\t\t\t\t\t<div class=\"elementor-container elementor-column-gap-no\">\n\t\t\t\t\t<div class=\"elementor-column elementor-col-100 elementor-top-column elementor-element elementor-element-3a641757\" data-id=\"3a641757\" data-element_type=\"column\" data-e-type=\"column\">\n\t\t\t<div class=\"elementor-widget-wrap elementor-element-populated\">\n\t\t\t\t\t\t<div class=\"elementor-element elementor-element-3ab34134 elementor-widget elementor-widget-toggle\" data-id=\"3ab34134\" data-element_type=\"widget\" data-e-type=\"widget\" data-widget_type=\"toggle.default\">\n\t\t\t\t<div class=\"elementor-widget-container\">\n\t\t\t\t\t\t\t<div class=\"elementor-toggle\">\n\t\t\t\t\t\t\t<div class=\"elementor-toggle-item\">\n\t\t\t\t\t<div id=\"elementor-tab-title-9841\" class=\"elementor-tab-title\" data-tab=\"1\" role=\"button\" aria-controls=\"elementor-tab-content-9841\" aria-expanded=\"false\">\n\t\t\t\t\t\t\t\t\t\t\t\t<span class=\"elementor-toggle-icon elementor-toggle-icon-right\" aria-hidden=\"true\">\n\t\t\t\t\t\t\t\t\t\t\t\t\t\t\t<span class=\"elementor-toggle-icon-closed\"><i class=\"fas fa-caret-right\"><\/i><\/span>\n\t\t\t\t\t\t\t\t<span class=\"elementor-toggle-icon-opened\"><i class=\"elementor-toggle-icon-opened fas fa-caret-up\"><\/i><\/span>\n\t\t\t\t\t\t\t\t\t\t\t\t\t<\/span>\n\t\t\t\t\t\t\t\t\t\t\t\t<a class=\"elementor-toggle-title\" tabindex=\"0\">CRONOGRAMA<\/a>\n\t\t\t\t\t<\/div>\n\n\t\t\t\t\t<div id=\"elementor-tab-content-9841\" class=\"elementor-tab-content elementor-clearfix\" data-tab=\"1\" role=\"region\" aria-labelledby=\"elementor-tab-title-9841\"><ul><li>Per\u00edodo de envio dos artigos completos: at\u00e9 <del>01\/10\/2023<\/del>. <strong>Prorrogado at\u00e9 26\/01\/2024<\/strong>.<\/li><li>Resultado na p\u00e1gina do Congresso e envio da aprova\u00e7\u00e3o aos autores correspondentes: a partir de 22\/01\/2024<\/li><li>Divulga\u00e7\u00e3o dos dias e hor\u00e1rios de argui\u00e7\u00e3o oral: a partir de 01\/02\/2024<\/li><\/ul><\/div>\n\t\t\t\t<\/div>\n\t\t\t\t\t\t\t<div class=\"elementor-toggle-item\">\n\t\t\t\t\t<div id=\"elementor-tab-title-9842\" class=\"elementor-tab-title\" data-tab=\"2\" role=\"button\" aria-controls=\"elementor-tab-content-9842\" aria-expanded=\"false\">\n\t\t\t\t\t\t\t\t\t\t\t\t<span class=\"elementor-toggle-icon elementor-toggle-icon-right\" aria-hidden=\"true\">\n\t\t\t\t\t\t\t\t\t\t\t\t\t\t\t<span class=\"elementor-toggle-icon-closed\"><i class=\"fas fa-caret-right\"><\/i><\/span>\n\t\t\t\t\t\t\t\t<span class=\"elementor-toggle-icon-opened\"><i class=\"elementor-toggle-icon-opened fas fa-caret-up\"><\/i><\/span>\n\t\t\t\t\t\t\t\t\t\t\t\t\t<\/span>\n\t\t\t\t\t\t\t\t\t\t\t\t<a class=\"elementor-toggle-title\" tabindex=\"0\">ORIENTA\u00c7\u00d5ES GERAIS<\/a>\n\t\t\t\t\t<\/div>\n\n\t\t\t\t\t<div id=\"elementor-tab-content-9842\" class=\"elementor-tab-content elementor-clearfix\" data-tab=\"2\" role=\"region\" aria-labelledby=\"elementor-tab-title-9842\"><ul><li>Envio dos artigo completo: Ap\u00f3s o cadastro e envio do artigo completo, o autor apresentador receber\u00e1 um e-mail de confirma\u00e7\u00e3o do recebimento, que ser\u00e1 o comprovante de envio do trabalho.<\/li><li>Cada trabalho pode ter at\u00e9 10 (dez) autores\/coautores.<\/li><li>Forma de apresenta\u00e7\u00e3o: Os trabalhos ser\u00e3o apresentados em forma de P\u00f4ster Eletr\u00f4nico, conforme crit\u00e9rios de sele\u00e7\u00e3o da Comiss\u00e3o Cient\u00edfica. Haver\u00e1 uma argui\u00e7\u00e3o oral durante os intervalos das palestras, em dias e hor\u00e1rias a serem divulgados.<\/li><li>Trabalhos aprovados que n\u00e3o encaminharem o arquivo em PDF at\u00e9 a data de <del>14\/11\/2023<\/del> 02\/12\/2023, em concord\u00e2ncia com as especifica\u00e7\u00f5es disponibilizadas, ou que n\u00e3o tiverem um dos autores inscrito e presente durante a argui\u00e7\u00e3o, n\u00e3o ter\u00e3o direito a certificado.<\/li><li>Um autor pode apresentar at\u00e9 2 (dois) trabalhos, podendo tamb\u00e9m ser coautor de outros.<\/li><li>A Comiss\u00e3o Cient\u00edfica reserva-se ao direito de somente analisar os trabalhos que sigam as normas estabelecidas, bem como reclassificar a \u00e1rea selecionada do trabalho enviado.<\/li><li>Somente ser\u00e3o aceitos trabalhos enviados atrav\u00e9s do formul\u00e1rio eletr\u00f4nico. Os trabalhos n\u00e3o poder\u00e3o ser enviados via e-mail ou fax.<\/li><li>O autor que enviar o artigo completo ser\u00e1 denominado autor correspondente. Toda a comunica\u00e7\u00e3o do Congresso referente ao trabalho ser\u00e1 direcionada ao autor correspondente, que se responsabilizar\u00e1 em repassar as informa\u00e7\u00f5es aos outros autores\/coautores. \u00c9 necess\u00e1rio login (e-mail v\u00e1lido) e senha de cadastro no Congresso para acessar o formul\u00e1rio de envio de trabalhos. Toda a comunica\u00e7\u00e3o do Congresso ser\u00e1 efetuada via e-mail, inclusive o aceite do trabalho.<\/li><li>Ser\u00e1 poss\u00edvel revisar ou fazer altera\u00e7\u00f5es nos trabalhos a qualquer momento at\u00e9 a data limite de envio. O trabalho s\u00f3 ser\u00e1 recebido pela Comiss\u00e3o ap\u00f3s o acionamento do comando SUBMETER.<\/li><li>\u00c9 importante revisar atentamente todo o conte\u00fado cadastrado antes de enviar o trabalho, pois, ap\u00f3s a data limite, o trabalho n\u00e3o poder\u00e1 ser modificado. A Comiss\u00e3o Cient\u00edfica n\u00e3o poder\u00e1 efetuar nenhum tipo de corre\u00e7\u00e3o ou inclus\u00e3o de informa\u00e7\u00e3o, seja no artigo completo, no t\u00edtulo ou autoria do trabalho.<\/li><li>O conte\u00fado dos trabalhos, bem como sua conformidade com as normas de \u00e9tica e integridade em pesquisa, s\u00e3o de inteira responsabilidade dos autores\/coautores. Ao enviar o trabalho para sele\u00e7\u00e3o, os autores\/coautores autorizam a Comiss\u00e3o Organizadora do Congresso a publicar ou divulgar o trabalho em todos os meios de comunica\u00e7\u00e3o, n\u00e3o cabendo qualquer pagamento por direito autoral.<\/li><\/ul><\/div>\n\t\t\t\t<\/div>\n\t\t\t\t\t\t\t<div class=\"elementor-toggle-item\">\n\t\t\t\t\t<div id=\"elementor-tab-title-9843\" class=\"elementor-tab-title\" data-tab=\"3\" role=\"button\" aria-controls=\"elementor-tab-content-9843\" aria-expanded=\"false\">\n\t\t\t\t\t\t\t\t\t\t\t\t<span class=\"elementor-toggle-icon elementor-toggle-icon-right\" aria-hidden=\"true\">\n\t\t\t\t\t\t\t\t\t\t\t\t\t\t\t<span class=\"elementor-toggle-icon-closed\"><i class=\"fas fa-caret-right\"><\/i><\/span>\n\t\t\t\t\t\t\t\t<span class=\"elementor-toggle-icon-opened\"><i class=\"elementor-toggle-icon-opened fas fa-caret-up\"><\/i><\/span>\n\t\t\t\t\t\t\t\t\t\t\t\t\t<\/span>\n\t\t\t\t\t\t\t\t\t\t\t\t<a class=\"elementor-toggle-title\" tabindex=\"0\">TEMAS PARA SUBMISS\u00c3O<\/a>\n\t\t\t\t\t<\/div>\n\n\t\t\t\t\t<div id=\"elementor-tab-content-9843\" class=\"elementor-tab-content elementor-clearfix\" data-tab=\"3\" role=\"region\" aria-labelledby=\"elementor-tab-title-9843\"><p>\u2022 Fundamentos da flota\u00e7\u00e3o e desenvolvimento de novos reagentes<br \/>\u2022 T\u00e9cnicas de separa\u00e7\u00e3o f\u00edsica e biol\u00f3gica<br \/>\u2022 Processamento de fosfatos carbon\u00e1ceos<br \/>\u2022 Separa\u00e7\u00e3o de s\u00edlica e silicatos de fosfato<br \/>\u2022 Processamento de fosfatos de baixo teor<br \/>\u2022 An\u00e1lise e controle de processos<br \/>\u2022 Desenvolvimento de equipamentos e processos<br \/>\u2022 Avan\u00e7os na fabrica\u00e7\u00e3o de \u00e1cido fosf\u00f3rico<br \/>\u2022 Purifica\u00e7\u00e3o e usos do \u00e1cido fosf\u00f3rico<br \/>\u2022 Recupera\u00e7\u00e3o abrangente de elementos cr\u00edticos e \u00fateis do fosfato<br \/>\u2022 Purifica\u00e7\u00e3o e utiliza\u00e7\u00e3o de fosfogesso<br \/>\u2022 Desenvolvimento sustent\u00e1vel e meio ambiente<br \/>\u2022 Instrumenta\u00e7\u00e3o, automa\u00e7\u00e3o e digitaliza\u00e7\u00e3o na cadeia produtiva do fosfato<br \/>\u2022 Simula\u00e7\u00e3o computacional e an\u00e1lise de dados aplicada \u00e0 ind\u00fastria de fertilizantes<br \/>\u2022 Geologia dos dep\u00f3sitos de fosfato<br \/>\u2022 Fontes alternativas de fosfato<br \/>\u2022 Corretivos de solo e outras fontes nutricionais para vegetais (calc\u00e1rio, rochagem, remineralizadores, p\u00f3 de pedra etc<br \/>\u2022 Coprodutos gerados na cadeia produtiva do fosfato<br \/>\u2022 Economia circular na cadeia produtiva do fosfato<br \/>\u2022 Aplica\u00e7\u00f5es tecnol\u00f3gicas do f\u00f3sforo<br \/>\u2022 ESG na cadeia produtiva do fosfato<\/p><\/div>\n\t\t\t\t<\/div>\n\t\t\t\t\t\t\t<div class=\"elementor-toggle-item\">\n\t\t\t\t\t<div id=\"elementor-tab-title-9844\" class=\"elementor-tab-title\" data-tab=\"4\" role=\"button\" aria-controls=\"elementor-tab-content-9844\" aria-expanded=\"false\">\n\t\t\t\t\t\t\t\t\t\t\t\t<span class=\"elementor-toggle-icon elementor-toggle-icon-right\" aria-hidden=\"true\">\n\t\t\t\t\t\t\t\t\t\t\t\t\t\t\t<span class=\"elementor-toggle-icon-closed\"><i class=\"fas fa-caret-right\"><\/i><\/span>\n\t\t\t\t\t\t\t\t<span class=\"elementor-toggle-icon-opened\"><i class=\"elementor-toggle-icon-opened fas fa-caret-up\"><\/i><\/span>\n\t\t\t\t\t\t\t\t\t\t\t\t\t<\/span>\n\t\t\t\t\t\t\t\t\t\t\t\t<a class=\"elementor-toggle-title\" tabindex=\"0\">INSTRU\u00c7\u00d5ES PARA ELABORA\u00c7\u00c3O DOS ARTIGOS COMPLETOS<\/a>\n\t\t\t\t\t<\/div>\n\n\t\t\t\t\t<div id=\"elementor-tab-content-9844\" class=\"elementor-tab-content elementor-clearfix\" data-tab=\"4\" role=\"region\" aria-labelledby=\"elementor-tab-title-9844\"><ul><li>Os artigos completos devem ser apresentados em texto com um \u00fanico par\u00e1grafo e no m\u00e1ximo 2500 caracteres incluindo espa\u00e7o (contar com \u201cferramenta\u201d do Word).<\/li><li>N\u00e3o ser\u00e1 aceito artigo completo sem resultados ou cujos resultados ser\u00e3o apresentados posteriormente;<\/li><li><p>O artigo completo dever\u00e1 ser redigido em portugu\u00eas do Brasil, espanhol ou ingl\u00eas, segundo as normas gramaticais e ortogr\u00e1ficas vigentes;<\/p><\/li><li>S\u00f3 dever\u00e3o ser usadas abreviaturas cientificamente reconhecidas. Caso contr\u00e1rio, dever\u00e1 haver uma primeira cita\u00e7\u00e3o por extenso no texto;<\/li><li><p>N\u00e3o colocar tabelas, figuras ou refer\u00eancias no resumo;<\/p><\/li><li>O apresentador do trabalho dever\u00e1 estar inscrito no evento.<\/li><\/ul><\/div>\n\t\t\t\t<\/div>\n\t\t\t\t\t\t\t\t<\/div>\n\t\t\t\t\t\t<\/div>\n\t\t\t\t<\/div>\n\t\t\t\t\t<\/div>\n\t\t<\/div>\n\t\t\t\t\t<\/div>\n\t\t<\/section>\n\t\t\t\t<section class=\"elementor-section elementor-top-section elementor-element elementor-element-136f7b4c elementor-hidden-desktop elementor-hidden-tablet elementor-hidden-mobile elementor-section-boxed elementor-section-height-default elementor-section-height-default\" data-id=\"136f7b4c\" data-element_type=\"section\" data-e-type=\"section\">\n\t\t\t\t\t\t<div class=\"elementor-container elementor-column-gap-default\">\n\t\t\t\t\t<div class=\"elementor-column elementor-col-33 elementor-top-column elementor-element elementor-element-5ce2529d\" data-id=\"5ce2529d\" data-element_type=\"column\" data-e-type=\"column\">\n\t\t\t<div class=\"elementor-widget-wrap\">\n\t\t\t\t\t\t\t<\/div>\n\t\t<\/div>\n\t\t\t\t<div class=\"elementor-column elementor-col-33 elementor-top-column elementor-element elementor-element-27f93f96\" data-id=\"27f93f96\" data-element_type=\"column\" data-e-type=\"column\">\n\t\t\t<div class=\"elementor-widget-wrap\">\n\t\t\t\t\t\t\t<\/div>\n\t\t<\/div>\n\t\t\t\t<div class=\"elementor-column elementor-col-33 elementor-top-column elementor-element elementor-element-11657852\" data-id=\"11657852\" data-element_type=\"column\" data-e-type=\"column\">\n\t\t\t<div class=\"elementor-widget-wrap elementor-element-populated\">\n\t\t\t\t\t\t<div class=\"elementor-element elementor-element-26e0c9fc elementor-align-justify elementor-widget elementor-widget-button\" data-id=\"26e0c9fc\" data-element_type=\"widget\" data-e-type=\"widget\" data-widget_type=\"button.default\">\n\t\t\t\t<div class=\"elementor-widget-container\">\n\t\t\t\t\t\t\t\t\t<div class=\"elementor-button-wrapper\">\n\t\t\t\t\t<a class=\"elementor-button elementor-button-link elementor-size-md\" href=\"https:\/\/cbfos.org\/2024\/login\/\">\n\t\t\t\t\t\t<span class=\"elementor-button-content-wrapper\">\n\t\t\t\t\t\t<span class=\"elementor-button-icon\">\n\t\t\t\t<i aria-hidden=\"true\" class=\"far fa-clipboard\"><\/i>\t\t\t<\/span>\n\t\t\t\t\t\t\t\t\t<span class=\"elementor-button-text\">Enviar Trabalho<\/span>\n\t\t\t\t\t<\/span>\n\t\t\t\t\t<\/a>\n\t\t\t\t<\/div>\n\t\t\t\t\t\t\t\t<\/div>\n\t\t\t\t<\/div>\n\t\t\t\t\t<\/div>\n\t\t<\/div>\n\t\t\t\t\t<\/div>\n\t\t<\/section>\n\t\t\t\t<\/div>\n\t\t","protected":false},"excerpt":{"rendered":"<p>26\/01 Limite submiss\u00e3o 02 Trabalhos por autor 10 Autores por trabalho 01\/02 Publica\u00e7\u00e3o do Resultado Publica\u00e7\u00f5es Template de Trabalhos Download Template E-p\u00f4ster Download Publica\u00e7\u00e3o de Anais do I CBFos Clique aqui Os trabalhos que ser\u00e3o apresentados como banner dever\u00e3o ser impressos pelo autor no tamanho 0.90 de largura x 1,20 de altura. Enviar Trabalho CRONOGRAMA [&hellip;]<\/p>\n","protected":false},"author":1,"featured_media":0,"parent":0,"menu_order":0,"comment_status":"closed","ping_status":"closed","template":"elementor_header_footer","meta":{"footnotes":""},"class_list":["post-22","page","type-page","status-publish","hentry"],"aioseo_notices":[],"_links":{"self":[{"href":"https:\/\/cbfos.org\/2024\/wp-json\/wp\/v2\/pages\/22","targetHints":{"allow":["GET"]}}],"collection":[{"href":"https:\/\/cbfos.org\/2024\/wp-json\/wp\/v2\/pages"}],"about":[{"href":"https:\/\/cbfos.org\/2024\/wp-json\/wp\/v2\/types\/page"}],"author":[{"embeddable":true,"href":"https:\/\/cbfos.org\/2024\/wp-json\/wp\/v2\/users\/1"}],"replies":[{"embeddable":true,"href":"https:\/\/cbfos.org\/2024\/wp-json\/wp\/v2\/comments?post=22"}],"version-history":[{"count":142,"href":"https:\/\/cbfos.org\/2024\/wp-json\/wp\/v2\/pages\/22\/revisions"}],"predecessor-version":[{"id":1860,"href":"https:\/\/cbfos.org\/2024\/wp-json\/wp\/v2\/pages\/22\/revisions\/1860"}],"wp:attachment":[{"href":"https:\/\/cbfos.org\/2024\/wp-json\/wp\/v2\/media?parent=22"}],"curies":[{"name":"wp","href":"https:\/\/api.w.org\/{rel}","templated":true}]}}