{"id":20,"date":"2023-02-23T00:27:33","date_gmt":"2023-02-23T03:27:33","guid":{"rendered":"https:\/\/congressomineiro.com.br\/?page_id=20"},"modified":"2024-02-29T21:55:36","modified_gmt":"2024-03-01T00:55:36","slug":"inscricoes","status":"publish","type":"page","link":"https:\/\/cbfos.org\/2024\/inscricoes\/","title":{"rendered":"Inscri\u00e7\u00f5es"},"content":{"rendered":"\t\t<div data-elementor-type=\"wp-page\" data-elementor-id=\"20\" class=\"elementor elementor-20\" data-elementor-post-type=\"page\">\n\t\t\t\t\t\t<section class=\"elementor-section elementor-top-section elementor-element elementor-element-72c29f6c elementor-section-height-min-height elementor-section-boxed elementor-section-height-default elementor-section-items-middle\" data-id=\"72c29f6c\" data-element_type=\"section\" data-e-type=\"section\" data-settings=\"{&quot;background_background&quot;:&quot;classic&quot;}\">\n\t\t\t\t\t\t\t<div class=\"elementor-background-overlay\"><\/div>\n\t\t\t\t\t\t\t<div class=\"elementor-container elementor-column-gap-default\">\n\t\t\t\t\t<div class=\"elementor-column elementor-col-100 elementor-top-column elementor-element elementor-element-be360a5\" data-id=\"be360a5\" data-element_type=\"column\" data-e-type=\"column\">\n\t\t\t<div class=\"elementor-widget-wrap elementor-element-populated\">\n\t\t\t\t\t\t\t<\/div>\n\t\t<\/div>\n\t\t\t\t\t<\/div>\n\t\t<\/section>\n\t\t\t\t<section class=\"elementor-section elementor-top-section elementor-element elementor-element-38e582df elementor-section-content-middle elementor-section-boxed elementor-section-height-default elementor-section-height-default\" data-id=\"38e582df\" data-element_type=\"section\" data-e-type=\"section\">\n\t\t\t\t\t\t<div class=\"elementor-container elementor-column-gap-no\">\n\t\t\t\t\t<div class=\"elementor-column elementor-col-100 elementor-top-column elementor-element elementor-element-327a840f\" data-id=\"327a840f\" data-element_type=\"column\" data-e-type=\"column\">\n\t\t\t<div class=\"elementor-widget-wrap elementor-element-populated\">\n\t\t\t\t\t\t<div class=\"elementor-element elementor-element-58e975a2 elementor-widget elementor-widget-heading\" data-id=\"58e975a2\" data-element_type=\"widget\" data-e-type=\"widget\" data-widget_type=\"heading.default\">\n\t\t\t\t<div class=\"elementor-widget-container\">\n\t\t\t\t\t<h2 class=\"elementor-heading-title elementor-size-default\">Clique em sua categoria para ver os valores<\/h2>\t\t\t\t<\/div>\n\t\t\t\t<\/div>\n\t\t\t\t<section class=\"elementor-section elementor-inner-section elementor-element elementor-element-2e9b1df0 elementor-section-boxed elementor-section-height-default elementor-section-height-default\" data-id=\"2e9b1df0\" data-element_type=\"section\" data-e-type=\"section\">\n\t\t\t\t\t\t<div class=\"elementor-container elementor-column-gap-default\">\n\t\t\t\t\t<div class=\"elementor-column elementor-col-33 elementor-inner-column elementor-element elementor-element-2b642539\" data-id=\"2b642539\" data-element_type=\"column\" data-e-type=\"column\">\n\t\t\t<div class=\"elementor-widget-wrap\">\n\t\t\t\t\t\t\t<\/div>\n\t\t<\/div>\n\t\t\t\t<div class=\"elementor-column elementor-col-33 elementor-inner-column elementor-element elementor-element-180e63a8\" data-id=\"180e63a8\" data-element_type=\"column\" data-e-type=\"column\">\n\t\t\t<div class=\"elementor-widget-wrap elementor-element-populated\">\n\t\t\t\t\t\t<div class=\"elementor-element elementor-element-593b952a elementor-align-justify elementor-tablet-align-center elementor-mobile-align-justify elementor-invisible elementor-widget elementor-widget-button\" data-id=\"593b952a\" data-element_type=\"widget\" data-e-type=\"widget\" data-settings=\"{&quot;_animation&quot;:&quot;fadeInUp&quot;,&quot;_animation_delay&quot;:200}\" data-widget_type=\"button.default\">\n\t\t\t\t<div class=\"elementor-widget-container\">\n\t\t\t\t\t\t\t\t\t<div class=\"elementor-button-wrapper\">\n\t\t\t\t\t<a class=\"elementor-button elementor-button-link elementor-size-lg elementor-animation-sink\" href=\"#elementor-action%3Aaction%3Dpopup%3Aopen%26settings%3DeyJpZCI6IjM2NCIsInRvZ2dsZSI6ZmFsc2V9\">\n\t\t\t\t\t\t<span class=\"elementor-button-content-wrapper\">\n\t\t\t\t\t\t<span class=\"elementor-button-icon\">\n\t\t\t\t<i aria-hidden=\"true\" class=\"far fa-address-card\"><\/i>\t\t\t<\/span>\n\t\t\t\t\t\t\t\t\t<span class=\"elementor-button-text\">Iniciar Inscri\u00e7\u00e3o<\/span>\n\t\t\t\t\t<\/span>\n\t\t\t\t\t<\/a>\n\t\t\t\t<\/div>\n\t\t\t\t\t\t\t\t<\/div>\n\t\t\t\t<\/div>\n\t\t\t\t\t<\/div>\n\t\t<\/div>\n\t\t\t\t<div class=\"elementor-column elementor-col-33 elementor-inner-column elementor-element elementor-element-22fbf002\" data-id=\"22fbf002\" data-element_type=\"column\" data-e-type=\"column\">\n\t\t\t<div class=\"elementor-widget-wrap\">\n\t\t\t\t\t\t\t<\/div>\n\t\t<\/div>\n\t\t\t\t\t<\/div>\n\t\t<\/section>\n\t\t\t\t<div class=\"elementor-element elementor-element-1d18f7e4 elementor-widget elementor-widget-toggle\" data-id=\"1d18f7e4\" data-element_type=\"widget\" data-e-type=\"widget\" data-widget_type=\"toggle.default\">\n\t\t\t\t<div class=\"elementor-widget-container\">\n\t\t\t\t\t\t\t<div class=\"elementor-toggle\">\n\t\t\t\t\t\t\t<div class=\"elementor-toggle-item\">\n\t\t\t\t\t<div id=\"elementor-tab-title-4881\" class=\"elementor-tab-title\" data-tab=\"1\" role=\"button\" aria-controls=\"elementor-tab-content-4881\" aria-expanded=\"false\">\n\t\t\t\t\t\t\t\t\t\t\t\t<span class=\"elementor-toggle-icon elementor-toggle-icon-left\" aria-hidden=\"true\">\n\t\t\t\t\t\t\t\t\t\t\t\t\t\t\t<span class=\"elementor-toggle-icon-closed\"><i class=\"fas fa-caret-right\"><\/i><\/span>\n\t\t\t\t\t\t\t\t<span class=\"elementor-toggle-icon-opened\"><i class=\"elementor-toggle-icon-opened fas fa-caret-up\"><\/i><\/span>\n\t\t\t\t\t\t\t\t\t\t\t\t\t<\/span>\n\t\t\t\t\t\t\t\t\t\t\t\t<a class=\"elementor-toggle-title\" tabindex=\"0\">Estudante<\/a>\n\t\t\t\t\t<\/div>\n\n\t\t\t\t\t<div id=\"elementor-tab-content-4881\" class=\"elementor-tab-content elementor-clearfix\" data-tab=\"1\" role=\"region\" aria-labelledby=\"elementor-tab-title-4881\"><table width=\"399\"><tbody><tr><td style=\"text-align: center;\" width=\"133\"><strong>\u00a0At\u00e9 15\/12\/23\u00a0<\/strong><\/td><td style=\"text-align: center;\" width=\"133\"><strong>\u00a0At\u00e9 15\/01\/24\u00a0<\/strong><\/td><td style=\"text-align: center;\" width=\"133\"><strong>\u00a0Ap\u00f3s 15\/01\/24<\/strong>\u00a0<\/td><\/tr><tr><td style=\"text-align: center;\">R$ 400,00<\/td><td style=\"text-align: center;\">R$ 500,00<\/td><td style=\"text-align: center;\">R$ 600,00<\/td><\/tr><\/tbody><\/table><\/div>\n\t\t\t\t<\/div>\n\t\t\t\t\t\t\t<div class=\"elementor-toggle-item\">\n\t\t\t\t\t<div id=\"elementor-tab-title-4882\" class=\"elementor-tab-title\" data-tab=\"2\" role=\"button\" aria-controls=\"elementor-tab-content-4882\" aria-expanded=\"false\">\n\t\t\t\t\t\t\t\t\t\t\t\t<span class=\"elementor-toggle-icon elementor-toggle-icon-left\" aria-hidden=\"true\">\n\t\t\t\t\t\t\t\t\t\t\t\t\t\t\t<span class=\"elementor-toggle-icon-closed\"><i class=\"fas fa-caret-right\"><\/i><\/span>\n\t\t\t\t\t\t\t\t<span class=\"elementor-toggle-icon-opened\"><i class=\"elementor-toggle-icon-opened fas fa-caret-up\"><\/i><\/span>\n\t\t\t\t\t\t\t\t\t\t\t\t\t<\/span>\n\t\t\t\t\t\t\t\t\t\t\t\t<a class=\"elementor-toggle-title\" tabindex=\"0\">Autores<\/a>\n\t\t\t\t\t<\/div>\n\n\t\t\t\t\t<div id=\"elementor-tab-content-4882\" class=\"elementor-tab-content elementor-clearfix\" data-tab=\"2\" role=\"region\" aria-labelledby=\"elementor-tab-title-4882\"><table width=\"399\"><tbody><tr><td style=\"text-align: center;\" width=\"133\"><strong>\u00a0At\u00e9 15\/12\/23\u00a0<\/strong><\/td><td style=\"text-align: center;\" width=\"133\"><strong>\u00a0At\u00e9 15\/01\/24\u00a0<\/strong><\/td><td style=\"text-align: center;\" width=\"133\"><strong>\u00a0Ap\u00f3s 15\/01\/24<\/strong>\u00a0<\/td><\/tr><tr><td style=\"text-align: center;\">R$ 600,00<\/td><td style=\"text-align: center;\">R$ 750,00<\/td><td style=\"text-align: center;\">R$ 900,00<\/td><\/tr><\/tbody><\/table><\/div>\n\t\t\t\t<\/div>\n\t\t\t\t\t\t\t<div class=\"elementor-toggle-item\">\n\t\t\t\t\t<div id=\"elementor-tab-title-4883\" class=\"elementor-tab-title\" data-tab=\"3\" role=\"button\" aria-controls=\"elementor-tab-content-4883\" aria-expanded=\"false\">\n\t\t\t\t\t\t\t\t\t\t\t\t<span class=\"elementor-toggle-icon elementor-toggle-icon-left\" aria-hidden=\"true\">\n\t\t\t\t\t\t\t\t\t\t\t\t\t\t\t<span class=\"elementor-toggle-icon-closed\"><i class=\"fas fa-caret-right\"><\/i><\/span>\n\t\t\t\t\t\t\t\t<span class=\"elementor-toggle-icon-opened\"><i class=\"elementor-toggle-icon-opened fas fa-caret-up\"><\/i><\/span>\n\t\t\t\t\t\t\t\t\t\t\t\t\t<\/span>\n\t\t\t\t\t\t\t\t\t\t\t\t<a class=\"elementor-toggle-title\" tabindex=\"0\">Profissional<\/a>\n\t\t\t\t\t<\/div>\n\n\t\t\t\t\t<div id=\"elementor-tab-content-4883\" class=\"elementor-tab-content elementor-clearfix\" data-tab=\"3\" role=\"region\" aria-labelledby=\"elementor-tab-title-4883\"><table width=\"399\"><tbody><tr><td style=\"text-align: center;\" width=\"133\"><strong>\u00a0At\u00e9 15\/12\/23\u00a0<\/strong><\/td><td style=\"text-align: center;\" width=\"133\"><strong>\u00a0At\u00e9 15\/01\/24\u00a0<\/strong><\/td><td style=\"text-align: center;\" width=\"133\"><strong>\u00a0Ap\u00f3s 15\/01\/24\u00a0<\/strong><\/td><\/tr><tr><td style=\"text-align: center;\">R$ 800,00<\/td><td style=\"text-align: center;\">R$ 1.000,00<\/td><td style=\"text-align: center;\">R$ 1.200,00<\/td><\/tr><\/tbody><\/table><\/div>\n\t\t\t\t<\/div>\n\t\t\t\t\t\t\t<div class=\"elementor-toggle-item\">\n\t\t\t\t\t<div id=\"elementor-tab-title-4884\" class=\"elementor-tab-title\" data-tab=\"4\" role=\"button\" aria-controls=\"elementor-tab-content-4884\" aria-expanded=\"false\">\n\t\t\t\t\t\t\t\t\t\t\t\t<span class=\"elementor-toggle-icon elementor-toggle-icon-left\" aria-hidden=\"true\">\n\t\t\t\t\t\t\t\t\t\t\t\t\t\t\t<span class=\"elementor-toggle-icon-closed\"><i class=\"fas fa-caret-right\"><\/i><\/span>\n\t\t\t\t\t\t\t\t<span class=\"elementor-toggle-icon-opened\"><i class=\"elementor-toggle-icon-opened fas fa-caret-up\"><\/i><\/span>\n\t\t\t\t\t\t\t\t\t\t\t\t\t<\/span>\n\t\t\t\t\t\t\t\t\t\t\t\t<a class=\"elementor-toggle-title\" tabindex=\"0\">Cocktail<\/a>\n\t\t\t\t\t<\/div>\n\n\t\t\t\t\t<div id=\"elementor-tab-content-4884\" class=\"elementor-tab-content elementor-clearfix\" data-tab=\"4\" role=\"region\" aria-labelledby=\"elementor-tab-title-4884\"><p>At\u00e9 20\/02\/2024<\/p><p><strong>R$ 150,00<\/strong><\/p><\/div>\n\t\t\t\t<\/div>\n\t\t\t\t\t\t\t\t<\/div>\n\t\t\t\t\t\t<\/div>\n\t\t\t\t<\/div>\n\t\t\t\t\t<\/div>\n\t\t<\/div>\n\t\t\t\t\t<\/div>\n\t\t<\/section>\n\t\t\t\t<section class=\"elementor-section elementor-top-section elementor-element elementor-element-6548c0bc elementor-section-height-min-height elementor-section-stretched elementor-section-boxed elementor-section-height-default elementor-section-items-middle\" data-id=\"6548c0bc\" data-element_type=\"section\" data-e-type=\"section\" data-settings=\"{&quot;stretch_section&quot;:&quot;section-stretched&quot;}\">\n\t\t\t\t\t\t<div class=\"elementor-container elementor-column-gap-default\">\n\t\t\t\t\t<div class=\"elementor-column elementor-col-100 elementor-top-column elementor-element elementor-element-2548bf6\" data-id=\"2548bf6\" data-element_type=\"column\" data-e-type=\"column\">\n\t\t\t<div class=\"elementor-widget-wrap elementor-element-populated\">\n\t\t\t\t\t\t<div class=\"elementor-element elementor-element-3874838e elementor-tabs-alignment-stretch elementor-tabs-view-horizontal elementor-widget elementor-widget-tabs\" data-id=\"3874838e\" data-element_type=\"widget\" data-e-type=\"widget\" data-widget_type=\"tabs.default\">\n\t\t\t\t<div class=\"elementor-widget-container\">\n\t\t\t\t\t\t\t<div class=\"elementor-tabs\">\n\t\t\t<div class=\"elementor-tabs-wrapper\" role=\"tablist\" >\n\t\t\t\t\t\t\t\t\t<div id=\"elementor-tab-title-9471\" class=\"elementor-tab-title elementor-tab-desktop-title\" aria-selected=\"true\" data-tab=\"1\" role=\"tab\" tabindex=\"0\" aria-controls=\"elementor-tab-content-9471\" aria-expanded=\"false\">Normas de inscri\u00e7\u00e3o<\/div>\n\t\t\t\t\t\t\t\t\t<div id=\"elementor-tab-title-9472\" class=\"elementor-tab-title elementor-tab-desktop-title\" aria-selected=\"false\" data-tab=\"2\" role=\"tab\" tabindex=\"-1\" aria-controls=\"elementor-tab-content-9472\" aria-expanded=\"false\">Formas de Pagamento<\/div>\n\t\t\t\t\t\t\t\t\t<div id=\"elementor-tab-title-9473\" class=\"elementor-tab-title elementor-tab-desktop-title\" aria-selected=\"false\" data-tab=\"3\" role=\"tab\" tabindex=\"-1\" aria-controls=\"elementor-tab-content-9473\" aria-expanded=\"false\">Senhas de acesso<\/div>\n\t\t\t\t\t\t\t<\/div>\n\t\t\t<div class=\"elementor-tabs-content-wrapper\" role=\"tablist\" aria-orientation=\"vertical\">\n\t\t\t\t\t\t\t\t\t<div class=\"elementor-tab-title elementor-tab-mobile-title\" aria-selected=\"true\" data-tab=\"1\" role=\"tab\" tabindex=\"0\" aria-controls=\"elementor-tab-content-9471\" aria-expanded=\"false\">Normas de inscri\u00e7\u00e3o<\/div>\n\t\t\t\t\t<div id=\"elementor-tab-content-9471\" class=\"elementor-tab-content elementor-clearfix\" data-tab=\"1\" role=\"tabpanel\" aria-labelledby=\"elementor-tab-title-9471\" tabindex=\"0\" hidden=\"false\"><p>A inscri\u00e7\u00e3o dar\u00e1 direito a participa\u00e7\u00e3o nos tr\u00eas dias de evento (05, 06, 07 e 08), 4 coffee-breaks e um Cocktail na abertura do evento e brindes promocionais.<\/p><p>A categoria <strong>Estudante<\/strong>, dever\u00e1 anexar o comprovante\u00a0 do estudante atualizado no ato da inscri\u00e7\u00e3o.<\/p><\/div>\n\t\t\t\t\t\t\t\t\t<div class=\"elementor-tab-title elementor-tab-mobile-title\" aria-selected=\"false\" data-tab=\"2\" role=\"tab\" tabindex=\"-1\" aria-controls=\"elementor-tab-content-9472\" aria-expanded=\"false\">Formas de Pagamento<\/div>\n\t\t\t\t\t<div id=\"elementor-tab-content-9472\" class=\"elementor-tab-content elementor-clearfix\" data-tab=\"2\" role=\"tabpanel\" aria-labelledby=\"elementor-tab-title-9472\" tabindex=\"0\" hidden=\"hidden\"><ul><li>PIX<\/li><li>Boleto banc\u00e1rio*<\/li><li>Cart\u00e3o de Cr\u00e9dito<\/li><\/ul><p>\u00a0<\/p><p>*Dispon\u00edvel at\u00e9 29 de fevereiro de 2024, pelo prazo de compensa\u00e7\u00e3o banc\u00e1ria.<\/p><\/div>\n\t\t\t\t\t\t\t\t\t<div class=\"elementor-tab-title elementor-tab-mobile-title\" aria-selected=\"false\" data-tab=\"3\" role=\"tab\" tabindex=\"-1\" aria-controls=\"elementor-tab-content-9473\" aria-expanded=\"false\">Senhas de acesso<\/div>\n\t\t\t\t\t<div id=\"elementor-tab-content-9473\" class=\"elementor-tab-content elementor-clearfix\" data-tab=\"3\" role=\"tabpanel\" aria-labelledby=\"elementor-tab-title-9473\" tabindex=\"0\" hidden=\"hidden\"><p>No ato do cadastro, voc\u00ea precisar\u00e1 criar uma senha que juntamente com seu CPF ou e-mail ser\u00e3o as credenciais para acessar sua \u00e1rea de participante posteriormente e ter acesso a todos os servi\u00e7os oferecidos no evento.<\/p><p>O login e a senha criados s\u00e3o pessoais, intransfer\u00edveis e para seu conhecimento e uso exclusivo. VOC\u00ca dever\u00e1 assegurar e proteger em quaisquer circunst\u00e2ncias a confidencialidade e a seguran\u00e7a de seu login e senha. Assim, VOC\u00ca n\u00e3o dever\u00e1 revelar suas credenciais de acesso a terceiros, nem as inserir em sistemas inform\u00e1ticos que permitam a sua descodifica\u00e7\u00e3o e c\u00f3pia, assegurando-se de que o equipamento utilizado para acesso ao nosso site se encontra devidamente protegido contra softwares maliciosos e do acesso indevido por terceiros.<\/p><p>Se voc\u00ea descumprir as obriga\u00e7\u00f5es aqui apresentadas, voc\u00ea estar\u00e1 praticando ato de exclusiva responsabilidade, sendo que eventuais preju\u00edzos decorrentes de tal ato ser\u00e3o suportados por VOC\u00ca exclusivamente.<\/p><\/div>\n\t\t\t\t\t\t\t<\/div>\n\t\t<\/div>\n\t\t\t\t\t\t<\/div>\n\t\t\t\t<\/div>\n\t\t\t\t\t<\/div>\n\t\t<\/div>\n\t\t\t\t\t<\/div>\n\t\t<\/section>\n\t\t\t\t<section class=\"elementor-section elementor-top-section elementor-element elementor-element-1ff299d3 elementor-section-boxed elementor-section-height-default elementor-section-height-default\" data-id=\"1ff299d3\" data-element_type=\"section\" data-e-type=\"section\">\n\t\t\t\t\t\t<div class=\"elementor-container elementor-column-gap-default\">\n\t\t\t\t\t<div class=\"elementor-column elementor-col-33 elementor-top-column elementor-element elementor-element-18238523\" data-id=\"18238523\" data-element_type=\"column\" data-e-type=\"column\">\n\t\t\t<div class=\"elementor-widget-wrap\">\n\t\t\t\t\t\t\t<\/div>\n\t\t<\/div>\n\t\t\t\t<div class=\"elementor-column elementor-col-33 elementor-top-column elementor-element elementor-element-257bef4a\" data-id=\"257bef4a\" data-element_type=\"column\" data-e-type=\"column\">\n\t\t\t<div class=\"elementor-widget-wrap elementor-element-populated\">\n\t\t\t\t\t\t<div class=\"elementor-element elementor-element-7481e682 elementor-align-justify elementor-tablet-align-center elementor-mobile-align-justify elementor-invisible elementor-widget elementor-widget-button\" data-id=\"7481e682\" data-element_type=\"widget\" data-e-type=\"widget\" data-settings=\"{&quot;_animation&quot;:&quot;fadeInUp&quot;,&quot;_animation_delay&quot;:200}\" data-widget_type=\"button.default\">\n\t\t\t\t<div class=\"elementor-widget-container\">\n\t\t\t\t\t\t\t\t\t<div class=\"elementor-button-wrapper\">\n\t\t\t\t\t<a class=\"elementor-button elementor-button-link elementor-size-lg elementor-animation-sink\" href=\"#elementor-action%3Aaction%3Dpopup%3Aopen%26settings%3DeyJpZCI6IjM2NCIsInRvZ2dsZSI6ZmFsc2V9\">\n\t\t\t\t\t\t<span class=\"elementor-button-content-wrapper\">\n\t\t\t\t\t\t<span class=\"elementor-button-icon\">\n\t\t\t\t<i aria-hidden=\"true\" class=\"far fa-address-card\"><\/i>\t\t\t<\/span>\n\t\t\t\t\t\t\t\t\t<span class=\"elementor-button-text\">Iniciar Inscri\u00e7\u00e3o<\/span>\n\t\t\t\t\t<\/span>\n\t\t\t\t\t<\/a>\n\t\t\t\t<\/div>\n\t\t\t\t\t\t\t\t<\/div>\n\t\t\t\t<\/div>\n\t\t\t\t\t<\/div>\n\t\t<\/div>\n\t\t\t\t<div class=\"elementor-column elementor-col-33 elementor-top-column elementor-element elementor-element-5395e101\" data-id=\"5395e101\" data-element_type=\"column\" data-e-type=\"column\">\n\t\t\t<div class=\"elementor-widget-wrap\">\n\t\t\t\t\t\t\t<\/div>\n\t\t<\/div>\n\t\t\t\t\t<\/div>\n\t\t<\/section>\n\t\t\t\t<\/div>\n\t\t","protected":false},"excerpt":{"rendered":"<p>Clique em sua categoria para ver os valores Iniciar Inscri\u00e7\u00e3o Estudante \u00a0At\u00e9 15\/12\/23\u00a0 \u00a0At\u00e9 15\/01\/24\u00a0 \u00a0Ap\u00f3s 15\/01\/24\u00a0 R$ 400,00 R$ 500,00 R$ 600,00 Autores \u00a0At\u00e9 15\/12\/23\u00a0 \u00a0At\u00e9 15\/01\/24\u00a0 \u00a0Ap\u00f3s 15\/01\/24\u00a0 R$ 600,00 R$ 750,00 R$ 900,00 Profissional \u00a0At\u00e9 15\/12\/23\u00a0 \u00a0At\u00e9 15\/01\/24\u00a0 \u00a0Ap\u00f3s 15\/01\/24\u00a0 R$ 800,00 R$ 1.000,00 R$ 1.200,00 Cocktail At\u00e9 20\/02\/2024 R$ 150,00 Normas [&hellip;]<\/p>\n","protected":false},"author":1,"featured_media":0,"parent":0,"menu_order":0,"comment_status":"closed","ping_status":"closed","template":"elementor_header_footer","meta":{"footnotes":""},"class_list":["post-20","page","type-page","status-publish","hentry"],"aioseo_notices":[],"_links":{"self":[{"href":"https:\/\/cbfos.org\/2024\/wp-json\/wp\/v2\/pages\/20","targetHints":{"allow":["GET"]}}],"collection":[{"href":"https:\/\/cbfos.org\/2024\/wp-json\/wp\/v2\/pages"}],"about":[{"href":"https:\/\/cbfos.org\/2024\/wp-json\/wp\/v2\/types\/page"}],"author":[{"embeddable":true,"href":"https:\/\/cbfos.org\/2024\/wp-json\/wp\/v2\/users\/1"}],"replies":[{"embeddable":true,"href":"https:\/\/cbfos.org\/2024\/wp-json\/wp\/v2\/comments?post=20"}],"version-history":[{"count":82,"href":"https:\/\/cbfos.org\/2024\/wp-json\/wp\/v2\/pages\/20\/revisions"}],"predecessor-version":[{"id":1752,"href":"https:\/\/cbfos.org\/2024\/wp-json\/wp\/v2\/pages\/20\/revisions\/1752"}],"wp:attachment":[{"href":"https:\/\/cbfos.org\/2024\/wp-json\/wp\/v2\/media?parent=20"}],"curies":[{"name":"wp","href":"https:\/\/api.w.org\/{rel}","templated":true}]}}