{"id":12,"date":"2023-02-23T00:25:57","date_gmt":"2023-02-23T03:25:57","guid":{"rendered":"https:\/\/congressomineiro.com.br\/?page_id=12"},"modified":"2023-07-09T09:02:17","modified_gmt":"2023-07-09T12:02:17","slug":"apresentacao","status":"publish","type":"page","link":"https:\/\/cbfos.org\/2024\/apresentacao\/","title":{"rendered":"Apresenta\u00e7\u00e3o"},"content":{"rendered":"\t\t<div data-elementor-type=\"wp-page\" data-elementor-id=\"12\" class=\"elementor elementor-12\" data-elementor-post-type=\"page\">\n\t\t\t\t\t\t<section class=\"elementor-section elementor-top-section elementor-element elementor-element-40fe562e elementor-section-height-min-height elementor-section-boxed elementor-section-height-default elementor-section-items-middle\" data-id=\"40fe562e\" data-element_type=\"section\" data-e-type=\"section\" data-settings=\"{&quot;background_background&quot;:&quot;classic&quot;}\">\n\t\t\t\t\t\t\t<div class=\"elementor-background-overlay\"><\/div>\n\t\t\t\t\t\t\t<div class=\"elementor-container elementor-column-gap-default\">\n\t\t\t\t\t<div class=\"elementor-column elementor-col-100 elementor-top-column elementor-element elementor-element-1768ca9c\" data-id=\"1768ca9c\" data-element_type=\"column\" data-e-type=\"column\">\n\t\t\t<div class=\"elementor-widget-wrap elementor-element-populated\">\n\t\t\t\t\t\t\t<\/div>\n\t\t<\/div>\n\t\t\t\t\t<\/div>\n\t\t<\/section>\n\t\t\t\t<section class=\"elementor-section elementor-top-section elementor-element elementor-element-f3b7077 elementor-section-boxed elementor-section-height-default elementor-section-height-default\" data-id=\"f3b7077\" data-element_type=\"section\" data-e-type=\"section\">\n\t\t\t\t\t\t<div class=\"elementor-container elementor-column-gap-default\">\n\t\t\t\t\t<div class=\"elementor-column elementor-col-100 elementor-top-column elementor-element elementor-element-ea14739\" data-id=\"ea14739\" data-element_type=\"column\" data-e-type=\"column\">\n\t\t\t<div class=\"elementor-widget-wrap elementor-element-populated\">\n\t\t\t\t\t\t<div class=\"elementor-element elementor-element-1b9966e elementor-widget elementor-widget-text-editor\" data-id=\"1b9966e\" data-element_type=\"widget\" data-e-type=\"widget\" data-widget_type=\"text-editor.default\">\n\t\t\t\t<div class=\"elementor-widget-container\">\n\t\t\t\t\t\t\t\t\t<p>O f\u00f3sforo \u00e9 um elemento essencial para a nutri\u00e7\u00e3o de plantas e animais. A maior parte do f\u00f3sforo \u00e9 consumida como componente principal dos fertilizantes de nitrog\u00eanio-f\u00f3sforo-pot\u00e1ssio usados em culturas alimentares em todo o mundo. Os minerais de rocha fosf\u00e1tica s\u00e3o os \u00fanicos recursos globais significativos de f\u00f3sforo. O Brasil \u00e9 um grande produtor e consumidor mundial de rocha fosf\u00e1tica, que \u00e9 usada para fabricar fertilizantes fosfatados, bem como produtos industriais. Em 2022, o mercado global de fertilizantes fosfatados experimentou interrup\u00e7\u00f5es no fornecimento e altos pre\u00e7os de fertilizantes no primeiro semestre do ano. A interrup\u00e7\u00e3o de fornecimento mais significativa foi da China, que imp\u00f4s restri\u00e7\u00f5es \u00e0s exporta\u00e7\u00f5es de DAP e MAP. Isso reduziu as exporta\u00e7\u00f5es chinesas em cerca de 5 milh\u00f5es de toneladas. Outros pa\u00edses aumentaram as exporta\u00e7\u00f5es, mas n\u00e3o conseguiram compensar a perda para o mercado mundial. Estima-se que o consumo global de P2O5 contido em fertilizantes foi de aproximadamente 48 milh\u00f5es de toneladas em 2022. Neste ano a produ\u00e7\u00e3o brasileira de rocha fosf\u00e1tica foi de 5,5 milh\u00f5es de toneladas.<\/p><p>O CONGRESSO BRASILEIRO DE FOSFATOS (CBFos) tem como objetivo reunir a comunica\u00e7\u00e3o cient\u00edfica e o setor produtivo em um mesmo espa\u00e7o, propiciando o di\u00e1logo entre os setores e dissemina\u00e7\u00e3o de conhecimento. O CBFos escolheu o estado de Goi\u00e1s, cora\u00e7\u00e3o do Brasil, como seu lar devido n\u00e3o somente \u00e0 sua localiza\u00e7\u00e3o geogr\u00e1fica, mas tamb\u00e9m ao fato do estado ser um importante produtor e consumidor de fosfato. Contudo, por se tratar de um evento em sua primeira edi\u00e7\u00e3o, o apoio dos \u00f3rg\u00e3os de fomento \u00e9 fundamental para a realiza\u00e7\u00e3o do mesmo, visto que pretende-se adotar valores reduzidos para as inscri\u00e7\u00f5es, fomentando a inclus\u00e3o e permitindo a participa\u00e7\u00e3o de alunos de gradua\u00e7\u00e3o e dos cursos t\u00e9cnicos da macrorregi\u00e3o.<br><\/p>\n<p><b>Todos os participantes ter\u00e3o direito a certificado emitido digitalmente.<\/b><\/p>\n<p>Acompanhe o site e siga-nos nas redes sociais. Vem a\u00ed um grande evento!&nbsp;<\/p>\t\t\t\t\t\t\t\t<\/div>\n\t\t\t\t<\/div>\n\t\t\t\t\t<\/div>\n\t\t<\/div>\n\t\t\t\t\t<\/div>\n\t\t<\/section>\n\t\t\t\t<\/div>\n\t\t","protected":false},"excerpt":{"rendered":"<p>O f\u00f3sforo \u00e9 um elemento essencial para a nutri\u00e7\u00e3o de plantas e animais. A maior parte do f\u00f3sforo \u00e9 consumida como componente principal dos fertilizantes de nitrog\u00eanio-f\u00f3sforo-pot\u00e1ssio usados em culturas alimentares em todo o mundo. Os minerais de rocha fosf\u00e1tica s\u00e3o os \u00fanicos recursos globais significativos de f\u00f3sforo. O Brasil \u00e9 um grande produtor e [&hellip;]<\/p>\n","protected":false},"author":1,"featured_media":0,"parent":0,"menu_order":0,"comment_status":"closed","ping_status":"closed","template":"elementor_header_footer","meta":{"footnotes":""},"class_list":["post-12","page","type-page","status-publish","hentry"],"aioseo_notices":[],"_links":{"self":[{"href":"https:\/\/cbfos.org\/2024\/wp-json\/wp\/v2\/pages\/12","targetHints":{"allow":["GET"]}}],"collection":[{"href":"https:\/\/cbfos.org\/2024\/wp-json\/wp\/v2\/pages"}],"about":[{"href":"https:\/\/cbfos.org\/2024\/wp-json\/wp\/v2\/types\/page"}],"author":[{"embeddable":true,"href":"https:\/\/cbfos.org\/2024\/wp-json\/wp\/v2\/users\/1"}],"replies":[{"embeddable":true,"href":"https:\/\/cbfos.org\/2024\/wp-json\/wp\/v2\/comments?post=12"}],"version-history":[{"count":40,"href":"https:\/\/cbfos.org\/2024\/wp-json\/wp\/v2\/pages\/12\/revisions"}],"predecessor-version":[{"id":829,"href":"https:\/\/cbfos.org\/2024\/wp-json\/wp\/v2\/pages\/12\/revisions\/829"}],"wp:attachment":[{"href":"https:\/\/cbfos.org\/2024\/wp-json\/wp\/v2\/media?parent=12"}],"curies":[{"name":"wp","href":"https:\/\/api.w.org\/{rel}","templated":true}]}}